{"id":606,"date":"2016-05-28T15:50:11","date_gmt":"2016-05-28T19:50:11","guid":{"rendered":"http:\/\/www.recitfgaestrie.qc.ca\/physique\/?page_id=606"},"modified":"2019-08-12T11:22:20","modified_gmt":"2019-08-12T15:22:20","slug":"preparation-au-cours","status":"publish","type":"page","link":"https:\/\/www.recitfgaestrie.qc.ca\/physique\/loptique-geometrique\/preparation-au-cours\/","title":{"rendered":"Pr\u00e9paration au cours"},"content":{"rendered":"<p>[vc_row full_width=\u00a0\u00bbstretch_row_content\u00a0\u00bb content_placement=\u00a0\u00bbtop\u00a0\u00bb css=\u00a0\u00bb.vc_custom_1463597476713{margin-top: -30px !important;}\u00a0\u00bb][vc_column][vc_separator color=\u00a0\u00bbblack\u00a0\u00bb style=\u00a0\u00bbshadow\u00a0\u00bb border_width=\u00a0\u00bb10&Prime;][\/vc_column][\/vc_row][vc_row full_width=\u00a0\u00bbstretch_row\u00a0\u00bb gap=\u00a0\u00bb2&Prime; content_placement=\u00a0\u00bbtop\u00a0\u00bb][vc_column width=\u00a0\u00bb1\/2&Prime;][vc_column_text css=\u00a0\u00bb.vc_custom_1464486580609{border-top-width: 2px !important;border-bottom-width: 2px !important;padding-top: 30px !important;padding-right: 30px !important;padding-bottom: 30px !important;padding-left: 30px !important;border-top-color: #2991d6 !important;border-top-style: solid !important;border-bottom-color: #2991d6 !important;border-bottom-style: solid !important;}\u00a0\u00bb]<\/p>\n<h4 style=\"text-align: center;\">L\u2019optique g\u00e9om\u00e9trique<\/h4>\n<h1 style=\"text-align: center;\">Pr\u00e9paration au cours<\/h1>\n<p>[\/vc_column_text][vc_btn title=\u00a0\u00bbRetour \u00e0 L&rsquo;optique g\u00e9om\u00e9trique\u00a0\u00bb style=\u00a0\u00bboutline-custom\u00a0\u00bb outline_custom_color=\u00a0\u00bb#2991d6&Prime; outline_custom_hover_background=\u00a0\u00bb#2991d6&Prime; outline_custom_hover_text=\u00a0\u00bb#ffffff\u00a0\u00bb shape=\u00a0\u00bbsquare\u00a0\u00bb align=\u00a0\u00bbleft\u00a0\u00bb i_icon_fontawesome=\u00a0\u00bbfa fa-reply\u00a0\u00bb add_icon=\u00a0\u00bbtrue\u00a0\u00bb button_block=\u00a0\u00bbtrue\u00a0\u00bb link=\u00a0\u00bburl:http%3A%2F%2Fwww.recitfgaestrie.qc.ca%2Fphysique%2Floptique-geometrique%2F||\u00a0\u00bb][\/vc_column][vc_column width=\u00a0\u00bb1\/2&Prime;]<div class=\"list_item lists_2 clearfix\"><a href=\"http:\/\/recitfgaestrie.qc.ca\/physique\/Module0-Preparation_au_cours\/PHY5061-Fiche_de_suivi-Quantum.pdf\" target=\"_blank\"><div class=\"list_left list_image\"><img src=\"https:\/\/www.recitfgaestrie.qc.ca\/physique\/wp-content\/uploads\/2016\/05\/picto_cours_bleu_Rappel.png\" class=\"scale-with-grid\" alt=\"\" width=\"\" height=\"\"\/><\/div><div class=\"list_right\"><h4>Fiche de suivi<\/h4><div class=\"desc\">Fiche de suivi pour le cours de PHY5061 &#8211; Cin\u00e9matique et optique g\u00e9om\u00e9trique<\/div><\/div><\/a><\/div>\n<div class=\"list_item lists_2 clearfix\"><a href=\"http:\/\/recitfgaestrie.qc.ca\/physique\/Module0-Preparation_au_cours\/Quantum-Cahier_dactivites-Activites_de_revision_optique.pdf\" target=\"_blank\"><div class=\"list_left list_image\"><img src=\"https:\/\/www.recitfgaestrie.qc.ca\/physique\/wp-content\/uploads\/2016\/05\/picto_cours_bleu_CahierActivites.png\" class=\"scale-with-grid\" alt=\"\" width=\"\" height=\"\"\/><\/div><div class=\"list_right\"><h4>Activit\u00e9s de r\u00e9vision<\/h4><div class=\"desc\">Corrig\u00e9 des activit\u00e9s de r\u00e9vision du cahier d&rsquo;activit\u00e9s<\/div><\/div><\/a><\/div>\n<div class=\"list_item lists_2 clearfix\"><a href=\"http:\/\/recitfgaestrie.qc.ca\/physique\/Module0-Preparation_au_cours\/Quantum-Manuel_de_leleve-Rappels-Corrige_optique.pdf\" target=\"_blank\"><div class=\"list_left list_image\"><img src=\"https:\/\/www.recitfgaestrie.qc.ca\/physique\/wp-content\/uploads\/2016\/05\/picto_cours_bleu_Lecture.png\" class=\"scale-with-grid\" alt=\"\" width=\"\" height=\"\"\/><\/div><div class=\"list_right\"><h4>Rappels<\/h4><div class=\"desc\">Corrig\u00e9 des rappels du manuel de l&rsquo;\u00e9l\u00e8ve<\/div><\/div><\/a><\/div>\n<div class=\"list_item lists_2 clearfix\"><a href=\"http:\/\/recitfgaestrie.qc.ca\/physique\/Module0-Preparation_au_cours\/Rapport_laboratoire.pdf\" target=\"_blank\"><div class=\"list_left list_image\"><img src=\"https:\/\/www.recitfgaestrie.qc.ca\/physique\/wp-content\/uploads\/2016\/05\/picto_cours_bleu_Lab.png\" class=\"scale-with-grid\" alt=\"\" width=\"\" height=\"\"\/><\/div><div class=\"list_right\"><h4>Rapport de laboratoire<\/h4><div class=\"desc\">Consultez ce document avant de r\u00e9diger les diverses sections de vos rapports de laboratoire<\/div><\/div><\/a><\/div>\n<div class=\"list_item lists_2 clearfix\"><a href=\"http:\/\/recitfgaestrie.qc.ca\/physique\/Module0-Preparation_au_cours\/Incertitudes.pdf\" target=\"_blank\"><div class=\"list_left list_image\"><img src=\"https:\/\/www.recitfgaestrie.qc.ca\/physique\/wp-content\/uploads\/2016\/05\/picto_cours_bleu_Lab.png\" class=\"scale-with-grid\" alt=\"\" width=\"\" height=\"\"\/><\/div><div class=\"list_right\"><h4>Les incertitudes<\/h4><div class=\"desc\">Consultez ce document pour le calcul des diff\u00e9rentes incertitudes lors de la prise de donn\u00e9es<\/div><\/div><\/a><\/div>\n<div class=\"list_item lists_2 clearfix\"><a href=\"http:\/\/recitfgaestrie.qc.ca\/physique\/Module0-Preparation_au_cours\/Excel1.mp4\" target=\"_blank\"><div class=\"list_left list_image\"><img src=\"https:\/\/www.recitfgaestrie.qc.ca\/physique\/wp-content\/uploads\/2016\/05\/picto_cours_bleu_Capsules.png\" class=\"scale-with-grid\" alt=\"\" width=\"\" height=\"\"\/><\/div><div class=\"list_right\"><h4>Capsule<\/h4><div class=\"desc\">Excel 1<\/div><\/div><\/a><\/div>\n<div class=\"list_item lists_2 clearfix\"><a href=\"http:\/\/recitfgaestrie.qc.ca\/physique\/Module0-Preparation_au_cours\/Excel2.mp4\" target=\"_blank\"><div class=\"list_left list_image\"><img src=\"https:\/\/www.recitfgaestrie.qc.ca\/physique\/wp-content\/uploads\/2016\/05\/picto_cours_bleu_Capsules.png\" class=\"scale-with-grid\" alt=\"\" width=\"\" height=\"\"\/><\/div><div class=\"list_right\"><h4>Capsule<\/h4><div class=\"desc\">Excel 2<\/div><\/div><\/a><\/div>\n[\/vc_column][\/vc_row][vc_row full_width=\u00a0\u00bbstretch_row_content_no_spaces\u00a0\u00bb content_placement=\u00a0\u00bbbottom\u00a0\u00bb css=\u00a0\u00bb.vc_custom_1464136891953{margin-top: 0px !important;margin-right: 0px !important;margin-bottom: -40px !important;margin-left: 0px !important;border-top-width: 0px !important;border-right-width: 0px !important;border-bottom-width: 0px !important;border-left-width: 0px !important;padding-top: 0px !important;padding-right: 0px !important;padding-bottom: 0px !important;padding-left: 0px !important;}\u00a0\u00bb][vc_column css=\u00a0\u00bb.vc_custom_1464136227989{margin: 0px !important;border-width: 0px !important;padding: 0px !important;}\u00a0\u00bb][vc_single_image image=\u00a0\u00bb723&Prime; img_size=\u00a0\u00bbfull\u00a0\u00bb alignment=\u00a0\u00bbcenter\u00a0\u00bb css=\u00a0\u00bb.vc_custom_1464626332379{margin-top: 0px !important;margin-right: 0px !important;margin-bottom: 0px !important;margin-left: 0px !important;border-top-width: 0px !important;border-right-width: 0px !important;border-bottom-width: 0px !important;border-left-width: 0px !important;padding-top: 0px !important;padding-right: 0px !important;padding-bottom: 0px !important;padding-left: 0px !important;}\u00a0\u00bb][\/vc_column][\/vc_row]<\/p>\n","protected":false},"excerpt":{"rendered":"<p>[vc_row full_width=\u00a0\u00bbstretch_row_content\u00a0\u00bb content_placement=\u00a0\u00bbtop\u00a0\u00bb css=\u00a0\u00bb.vc_custom_1463597476713{margin-top: -30px !important;}\u00a0\u00bb][vc_column][vc_separator color=\u00a0\u00bbblack\u00a0\u00bb style=\u00a0\u00bbshadow\u00a0\u00bb border_width=\u00a0\u00bb10&Prime;][\/vc_column][\/vc_row][vc_row full_width=\u00a0\u00bbstretch_row\u00a0\u00bb gap=\u00a0\u00bb2&Prime; content_placement=\u00a0\u00bbtop\u00a0\u00bb][vc_column width=\u00a0\u00bb1\/2&Prime;][vc_column_text css=\u00a0\u00bb.vc_custom_1464486580609{border-top-width: 2px !important;border-bottom-width: 2px !important;padding-top: 30px !important;padding-right: 30px !important;padding-bottom: 30px !important;padding-left: 30px !important;border-top-color: [&hellip;]<\/p>\n","protected":false},"author":7,"featured_media":0,"parent":56,"menu_order":0,"comment_status":"closed","ping_status":"closed","template":"","meta":[],"_links":{"self":[{"href":"https:\/\/www.recitfgaestrie.qc.ca\/physique\/wp-json\/wp\/v2\/pages\/606"}],"collection":[{"href":"https:\/\/www.recitfgaestrie.qc.ca\/physique\/wp-json\/wp\/v2\/pages"}],"about":[{"href":"https:\/\/www.recitfgaestrie.qc.ca\/physique\/wp-json\/wp\/v2\/types\/page"}],"author":[{"embeddable":true,"href":"https:\/\/www.recitfgaestrie.qc.ca\/physique\/wp-json\/wp\/v2\/users\/7"}],"replies":[{"embeddable":true,"href":"https:\/\/www.recitfgaestrie.qc.ca\/physique\/wp-json\/wp\/v2\/comments?post=606"}],"version-history":[{"count":10,"href":"https:\/\/www.recitfgaestrie.qc.ca\/physique\/wp-json\/wp\/v2\/pages\/606\/revisions"}],"predecessor-version":[{"id":989,"href":"https:\/\/www.recitfgaestrie.qc.ca\/physique\/wp-json\/wp\/v2\/pages\/606\/revisions\/989"}],"up":[{"embeddable":true,"href":"https:\/\/www.recitfgaestrie.qc.ca\/physique\/wp-json\/wp\/v2\/pages\/56"}],"wp:attachment":[{"href":"https:\/\/www.recitfgaestrie.qc.ca\/physique\/wp-json\/wp\/v2\/media?parent=606"}],"curies":[{"name":"wp","href":"https:\/\/api.w.org\/{rel}","templated":true}]}}